{"id":100,"date":"2022-08-02T19:03:12","date_gmt":"2022-08-02T19:03:12","guid":{"rendered":"http:\/\/www.unmerhavalandirma.com\/?page_id=100"},"modified":"2022-08-02T19:59:00","modified_gmt":"2022-08-02T19:59:00","slug":"bigbag","status":"publish","type":"page","link":"http:\/\/www.unmerhavalandirma.com\/index.php\/bigbag\/","title":{"rendered":"B\u0130GBAG"},"content":{"rendered":"\n<p><strong>B\u0130GBAG BO\u015eALTMA S\u0130STEM\u0130<\/strong><\/p>\n\n\n\n<p>Big bag i\u00e7erisinde bulunan toz, gran\u00fcl ve par\u00e7ac\u0131k halindeki malzemeler otomatik big bag bo\u015falt\u0131m sistemi yard\u0131m\u0131 ile kolayl\u0131kla bo\u015falt\u0131labilmektedir. Big bag bo\u015faltma istasyonu helezon, bunker veya pn\u00f6matik ta\u015f\u0131ma sistemine ba\u011flanmaktad\u0131r. Big bag i\u00e7erisindeki hammadde bu sistemler yard\u0131m\u0131 ile bunker i\u00e7ine g\u00f6nderilmektedir.<\/p>\n\n\n\n<p>Big-bag torbalarla gelen toz ve gran\u00fcl haldeki ak\u0131\u015fkanlar\u0131n prosesin ihtiyac\u0131 olan kullan\u0131m noktalar\u0131na sevki ancak bu torbalardan ak\u0131\u015fkan\u0131n kontroll\u00fc bir \u015fekilde sevk edilebilmesiyle m\u00fcmk\u00fcn olmaktad\u0131r. Farkl\u0131 aksamlardan olu\u015fan big-bag bo\u015faltma sistemleri, torbalarla gelen ak\u0131\u015fkanlar\u0131n bo\u015falt\u0131lmas\u0131 amac\u0131yla kullan\u0131lmaktad\u0131r.<\/p>\n\n\n\n<p>Detayl\u0131 bilgi i\u00e7in <a href=\"http:\/\/www.unmerhavalandirma.com\/wp-content\/uploads\/2022\/08\/bigbag.pdf\">BigBag \u00dcr\u00fcn Katalo\u011fumuzu<\/a> inceleyebilirsiniz.<\/p>\n\n\n\n<figure class=\"wp-block-image size-large\"><img loading=\"lazy\" width=\"1024\" height=\"542\" src=\"http:\/\/www.unmerhavalandirma.com\/wp-content\/uploads\/2022\/08\/Metal-Bigbag-1024x542.jpg\" alt=\"\" class=\"wp-image-153\" srcset=\"http:\/\/www.unmerhavalandirma.com\/wp-content\/uploads\/2022\/08\/Metal-Bigbag-1024x542.jpg 1024w, http:\/\/www.unmerhavalandirma.com\/wp-content\/uploads\/2022\/08\/Metal-Bigbag-300x159.jpg 300w, http:\/\/www.unmerhavalandirma.com\/wp-content\/uploads\/2022\/08\/Metal-Bigbag-768x406.jpg 768w, http:\/\/www.unmerhavalandirma.com\/wp-content\/uploads\/2022\/08\/Metal-Bigbag-1536x813.jpg 1536w, http:\/\/www.unmerhavalandirma.com\/wp-content\/uploads\/2022\/08\/Metal-Bigbag.jpg 1656w\" sizes=\"(max-width: 1024px) 100vw, 1024px\" \/><\/figure>\n","protected":false},"excerpt":{"rendered":"<p>B\u0130GBAG BO\u015eALTMA S\u0130STEM\u0130 Big bag i\u00e7erisinde bulunan toz, gran\u00fcl ve par\u00e7ac\u0131k halindeki malzemeler otomatik big bag bo\u015falt\u0131m sistemi yard\u0131m\u0131 ile kolayl\u0131kla bo\u015falt\u0131labilmektedir. Big bag bo\u015faltma istasyonu helezon, bunker veya pn\u00f6matik ta\u015f\u0131ma sistemine ba\u011flanmaktad\u0131r. Big bag i\u00e7erisindeki hammadde bu sistemler yard\u0131m\u0131 ile bunker i\u00e7ine g\u00f6nderilmektedir. Big-bag torbalarla gelen toz ve gran\u00fcl haldeki ak\u0131\u015fkanlar\u0131n prosesin ihtiyac\u0131 olan [&hellip;]<\/p>\n","protected":false},"author":1,"featured_media":0,"parent":0,"menu_order":0,"comment_status":"closed","ping_status":"closed","template":"","meta":[],"_links":{"self":[{"href":"http:\/\/www.unmerhavalandirma.com\/index.php\/wp-json\/wp\/v2\/pages\/100"}],"collection":[{"href":"http:\/\/www.unmerhavalandirma.com\/index.php\/wp-json\/wp\/v2\/pages"}],"about":[{"href":"http:\/\/www.unmerhavalandirma.com\/index.php\/wp-json\/wp\/v2\/types\/page"}],"author":[{"embeddable":true,"href":"http:\/\/www.unmerhavalandirma.com\/index.php\/wp-json\/wp\/v2\/users\/1"}],"replies":[{"embeddable":true,"href":"http:\/\/www.unmerhavalandirma.com\/index.php\/wp-json\/wp\/v2\/comments?post=100"}],"version-history":[{"count":3,"href":"http:\/\/www.unmerhavalandirma.com\/index.php\/wp-json\/wp\/v2\/pages\/100\/revisions"}],"predecessor-version":[{"id":170,"href":"http:\/\/www.unmerhavalandirma.com\/index.php\/wp-json\/wp\/v2\/pages\/100\/revisions\/170"}],"wp:attachment":[{"href":"http:\/\/www.unmerhavalandirma.com\/index.php\/wp-json\/wp\/v2\/media?parent=100"}],"curies":[{"name":"wp","href":"https:\/\/api.w.org\/{rel}","templated":true}]}}