{"id":106,"date":"2022-08-02T19:04:09","date_gmt":"2022-08-02T19:04:09","guid":{"rendered":"http:\/\/www.unmerhavalandirma.com\/?page_id=106"},"modified":"2022-08-02T20:04:52","modified_gmt":"2022-08-02T20:04:52","slug":"tereme","status":"publish","type":"page","link":"http:\/\/www.unmerhavalandirma.com\/index.php\/tereme\/","title":{"rendered":"TEREME"},"content":{"rendered":"\n<p><strong>TEREME \/ TOZ TOPLAMA S\u0130STEMLER\u0130<\/strong><\/p>\n\n\n\n<p>UNMER toz toplama sistemleri, Tereme \u00fcr\u00fcn giri\u015fi s\u0131ras\u0131nda a\u00e7\u0131\u011fa \u00e7\u0131kan toz ve k\u00fc\u00e7\u00fck taneli par\u00e7ac\u0131klar\u0131n \u00e7evreye ve insan sa\u011fl\u0131\u011f\u0131na zarar vermesini \u00f6nlemek amac\u0131yla tasarlanm\u0131\u015ft\u0131r. Bu sistem sayesinde minimum enerji kullan\u0131m\u0131 ile maksimum enerji elde edilir.<br>\u00dcr\u00fcn ak\u0131\u015f\u0131 s\u0131ras\u0131nda \u00e7\u0131kan toz ve partik\u00fcller, tereme toz toplama sistemi i\u00e7indeki fanlar yard\u0131m\u0131yla maksimum oranda \u00e7ekilir. Bu sayede toz ve par\u00e7ac\u0131klar filtre torbalar\u0131na yap\u0131\u015f\u0131r ve havan\u0131n temiz olarak tozdan ayr\u0131lmas\u0131 sa\u011flan\u0131r. Polyesterden yap\u0131lm\u0131\u015f torba filtreler mod\u00fcl i\u00e7indeki havay\u0131 ayr\u0131\u015ft\u0131r\u0131r. Temiz hava d\u0131\u015far\u0131 \u00e7\u0131karken, biriken toz taneleri de \u00fcstteki hava deposundan a\u015fa\u011f\u0131 do\u011fru belirli s\u00fcrelerle verilen bas\u0131n\u00e7l\u0131 hava yard\u0131m\u0131yla filtre torbalarda ayr\u0131larak istenilen yere ta\u015f\u0131n\u0131l\u0131r. Mod\u00fcller de\u011fi\u015fken yap\u0131da olup iste\u011fe ba\u011fl\u0131 \u00f6l\u00e7\u00fclerde dizayn edilebilir.<\/p>\n\n\n\n<p>Detayl\u0131 bilgi i\u00e7in <a href=\"http:\/\/www.unmerhavalandirma.com\/wp-content\/uploads\/2022\/08\/TEREME.pdf\">Tereme \u00dcr\u00fcn Katalo\u011fumuzu<\/a> \u0130nceleyebilirsiniz.<\/p>\n","protected":false},"excerpt":{"rendered":"<p>TEREME \/ TOZ TOPLAMA S\u0130STEMLER\u0130 UNMER toz toplama sistemleri, Tereme \u00fcr\u00fcn giri\u015fi s\u0131ras\u0131nda a\u00e7\u0131\u011fa \u00e7\u0131kan toz ve k\u00fc\u00e7\u00fck taneli par\u00e7ac\u0131klar\u0131n \u00e7evreye ve insan sa\u011fl\u0131\u011f\u0131na zarar vermesini \u00f6nlemek amac\u0131yla tasarlanm\u0131\u015ft\u0131r. Bu sistem sayesinde minimum enerji kullan\u0131m\u0131 ile maksimum enerji elde edilir.\u00dcr\u00fcn ak\u0131\u015f\u0131 s\u0131ras\u0131nda \u00e7\u0131kan toz ve partik\u00fcller, tereme toz toplama sistemi i\u00e7indeki fanlar yard\u0131m\u0131yla maksimum oranda [&hellip;]<\/p>\n","protected":false},"author":1,"featured_media":0,"parent":0,"menu_order":0,"comment_status":"closed","ping_status":"closed","template":"","meta":[],"_links":{"self":[{"href":"http:\/\/www.unmerhavalandirma.com\/index.php\/wp-json\/wp\/v2\/pages\/106"}],"collection":[{"href":"http:\/\/www.unmerhavalandirma.com\/index.php\/wp-json\/wp\/v2\/pages"}],"about":[{"href":"http:\/\/www.unmerhavalandirma.com\/index.php\/wp-json\/wp\/v2\/types\/page"}],"author":[{"embeddable":true,"href":"http:\/\/www.unmerhavalandirma.com\/index.php\/wp-json\/wp\/v2\/users\/1"}],"replies":[{"embeddable":true,"href":"http:\/\/www.unmerhavalandirma.com\/index.php\/wp-json\/wp\/v2\/comments?post=106"}],"version-history":[{"count":3,"href":"http:\/\/www.unmerhavalandirma.com\/index.php\/wp-json\/wp\/v2\/pages\/106\/revisions"}],"predecessor-version":[{"id":174,"href":"http:\/\/www.unmerhavalandirma.com\/index.php\/wp-json\/wp\/v2\/pages\/106\/revisions\/174"}],"wp:attachment":[{"href":"http:\/\/www.unmerhavalandirma.com\/index.php\/wp-json\/wp\/v2\/media?parent=106"}],"curies":[{"name":"wp","href":"https:\/\/api.w.org\/{rel}","templated":true}]}}