{"id":108,"date":"2022-08-02T19:04:29","date_gmt":"2022-08-02T19:04:29","guid":{"rendered":"http:\/\/www.unmerhavalandirma.com\/?page_id=108"},"modified":"2022-08-02T20:10:01","modified_gmt":"2022-08-02T20:10:01","slug":"ur-tem-is","status":"publish","type":"page","link":"http:\/\/www.unmerhavalandirma.com\/index.php\/ur-tem-is\/","title":{"rendered":"UR-TEM-\u0130S"},"content":{"rendered":"\n<p><strong>UR-TEM-\u0130S<\/strong><\/p>\n\n\n\n<p>UNMER taraf\u0131ndan \u00f6zel olarak tasarlanan UR-TEM-\u0130S hafif olan ufak \u00e7apl\u0131 kirlerin temizlenmesi i\u00e7in dizayn edilmi\u015ftir. Ayarlanabilir bir konik vol\u00fcm beslemeyi kontrol edebildi\u011fi gibi hatta tah\u0131l\u0131 dairesel hareketlerle perdeye yayar. B\u00f6ylece bu homojen tah\u0131l perdesi, e\u015fit bir hava ak\u0131m\u0131 ile birle\u015fti\u011finde etkili bir birincil aspirasyon g\u00f6revi yapar. Hava ak\u0131m\u0131 taraf\u0131ndan serbest\u00e7e d\u00f6nen bir fan, ikincil aspirasyondan \u00f6nce tanenin yay\u0131lmas\u0131na yard\u0131mc\u0131 olur.<\/p>\n\n\n\n<figure class=\"wp-block-image size-large\"><img loading=\"lazy\" width=\"1024\" height=\"586\" src=\"http:\/\/www.unmerhavalandirma.com\/wp-content\/uploads\/2022\/08\/c2aab13a-2098-4044-8f09-3a1faca0d5ac-1-1024x586.jpeg\" alt=\"\" class=\"wp-image-176\" srcset=\"http:\/\/www.unmerhavalandirma.com\/wp-content\/uploads\/2022\/08\/c2aab13a-2098-4044-8f09-3a1faca0d5ac-1-1024x586.jpeg 1024w, http:\/\/www.unmerhavalandirma.com\/wp-content\/uploads\/2022\/08\/c2aab13a-2098-4044-8f09-3a1faca0d5ac-1-300x172.jpeg 300w, http:\/\/www.unmerhavalandirma.com\/wp-content\/uploads\/2022\/08\/c2aab13a-2098-4044-8f09-3a1faca0d5ac-1-768x439.jpeg 768w, http:\/\/www.unmerhavalandirma.com\/wp-content\/uploads\/2022\/08\/c2aab13a-2098-4044-8f09-3a1faca0d5ac-1.jpeg 1532w\" sizes=\"(max-width: 1024px) 100vw, 1024px\" \/><\/figure>\n\n\n\n<p><br>Tah\u0131l d\u00fczenlemesi kombinasyonu ve \u00e7ifte aspirasyon sistemi bu dairesel aspirasyon i\u00e7in y\u00fcksek ay\u0131rma verimlili\u011fi sa\u011flar. Besleme haznesi aspirat\u00f6r\u00fcn tah\u0131l ile beslenmesine yard\u0131m eder. Konik klape e\u015fit bir tah\u0131l ak\u0131\u015f\u0131 sa\u011flamas\u0131 i\u00e7in s\u00fcrekli olarak y\u00fcklenir. Konik klape ayarlanams\u0131, tah\u0131l ak\u0131\u015f\u0131n\u0131n s\u00fcrekli ve d\u00fczenli bir \u015fekilde perdeye yay\u0131lmas\u0131n\u0131 sa\u011flar.Besleme haznesi \u00fcr\u00fcn ak\u0131\u015f\u0131ndaki k\u00fc\u00e7\u00fck de\u011fi\u015fimleri telafi eder.<br>Aspirasyondaki hava ak\u0131\u015f\u0131 , fan \u00e7\u0131k\u0131\u015f\u0131ndaki ayarlanabilir bir kapak sayesinde d\u00fczenlenir. Toz y\u00fckl\u00fc hava, fan arac\u0131l\u0131\u011f\u0131yla toz toplay\u0131c\u0131 bir siklona aktar\u0131l\u0131r.<\/p>\n\n\n\n<p>Detayl\u0131 bilgi i\u00e7in <a href=\"http:\/\/www.unmerhavalandirma.com\/wp-content\/uploads\/2022\/08\/UR-TEM-IS.pdf\">UR-TEM-\u0130S \u00dcr\u00fcn Katalo\u011fumuzu<\/a> inceleyebilirsiniz.<\/p>\n","protected":false},"excerpt":{"rendered":"<p>UR-TEM-\u0130S UNMER taraf\u0131ndan \u00f6zel olarak tasarlanan UR-TEM-\u0130S hafif olan ufak \u00e7apl\u0131 kirlerin temizlenmesi i\u00e7in dizayn edilmi\u015ftir. Ayarlanabilir bir konik vol\u00fcm beslemeyi kontrol edebildi\u011fi gibi hatta tah\u0131l\u0131 dairesel hareketlerle perdeye yayar. B\u00f6ylece bu homojen tah\u0131l perdesi, e\u015fit bir hava ak\u0131m\u0131 ile birle\u015fti\u011finde etkili bir birincil aspirasyon g\u00f6revi yapar. Hava ak\u0131m\u0131 taraf\u0131ndan serbest\u00e7e d\u00f6nen bir fan, ikincil [&hellip;]<\/p>\n","protected":false},"author":1,"featured_media":0,"parent":0,"menu_order":0,"comment_status":"closed","ping_status":"closed","template":"","meta":[],"_links":{"self":[{"href":"http:\/\/www.unmerhavalandirma.com\/index.php\/wp-json\/wp\/v2\/pages\/108"}],"collection":[{"href":"http:\/\/www.unmerhavalandirma.com\/index.php\/wp-json\/wp\/v2\/pages"}],"about":[{"href":"http:\/\/www.unmerhavalandirma.com\/index.php\/wp-json\/wp\/v2\/types\/page"}],"author":[{"embeddable":true,"href":"http:\/\/www.unmerhavalandirma.com\/index.php\/wp-json\/wp\/v2\/users\/1"}],"replies":[{"embeddable":true,"href":"http:\/\/www.unmerhavalandirma.com\/index.php\/wp-json\/wp\/v2\/comments?post=108"}],"version-history":[{"count":3,"href":"http:\/\/www.unmerhavalandirma.com\/index.php\/wp-json\/wp\/v2\/pages\/108\/revisions"}],"predecessor-version":[{"id":178,"href":"http:\/\/www.unmerhavalandirma.com\/index.php\/wp-json\/wp\/v2\/pages\/108\/revisions\/178"}],"wp:attachment":[{"href":"http:\/\/www.unmerhavalandirma.com\/index.php\/wp-json\/wp\/v2\/media?parent=108"}],"curies":[{"name":"wp","href":"https:\/\/api.w.org\/{rel}","templated":true}]}}