{"id":110,"date":"2022-08-02T19:04:46","date_gmt":"2022-08-02T19:04:46","guid":{"rendered":"http:\/\/www.unmerhavalandirma.com\/?page_id=110"},"modified":"2022-08-02T20:15:50","modified_gmt":"2022-08-02T20:15:50","slug":"aksiyel-aspirator","status":"publish","type":"page","link":"http:\/\/www.unmerhavalandirma.com\/index.php\/aksiyel-aspirator\/","title":{"rendered":"AKS\u0130YEL ASP\u0130RAT\u00d6R"},"content":{"rendered":"\n<p><strong>AKS\u0130YEL ASP\u0130RAT\u00d6RLER<\/strong><\/p>\n\n\n\n<p><strong>Aksiyel<\/strong>\u00a0fanlar, h\u0131zl\u0131 bir \u015fekilde hava transferini sa\u011flamak i\u00e7in geli\u015ftirilen cihazlard\u0131r. Dairesel kesitli\u00a0<strong>aksiyel<\/strong>\u00a0fanlar, hava kanal\u0131 ba\u011flant\u0131l\u0131, serbest at\u0131\u015fl\u0131 olarak kullan\u0131l\u0131r.\u00a0<strong>Aksiyel<\/strong>\u00a0kanatl\u0131 olan fanlar, patlay\u0131c\u0131 ve parlay\u0131c\u0131 madde transferi gereken alanlarda da kullan\u0131lmaktad\u0131r. \u00c7e\u015fitleri a\u015fa\u011f\u0131daki gibidir:<\/p>\n\n\n\n<ul><li>B\u00fcy\u00fck kanal tipi<\/li><li>D\u0131\u015ftan rotorlu boru kanal tipi<\/li><li>Galvanize kanal tipi<\/li><li>Kapakl\u0131 ve flan\u015fl\u0131 aksiyel aspirat\u00f6rler<\/li><li>Yuvarlak kanal tipi<\/li><li>Duvar tipi aksiyel rulmanl\u0131<\/li><li>Harici motorlu direkt akuple koval\u0131 aspirat\u00f6rler<\/li><li>S\u0131k ve seyrek dikd\u00f6rtgen kanal tipi fanlar<\/li><\/ul>\n","protected":false},"excerpt":{"rendered":"<p>AKS\u0130YEL ASP\u0130RAT\u00d6RLER Aksiyel\u00a0fanlar, h\u0131zl\u0131 bir \u015fekilde hava transferini sa\u011flamak i\u00e7in geli\u015ftirilen cihazlard\u0131r. Dairesel kesitli\u00a0aksiyel\u00a0fanlar, hava kanal\u0131 ba\u011flant\u0131l\u0131, serbest at\u0131\u015fl\u0131 olarak kullan\u0131l\u0131r.\u00a0Aksiyel\u00a0kanatl\u0131 olan fanlar, patlay\u0131c\u0131 ve parlay\u0131c\u0131 madde transferi gereken alanlarda da kullan\u0131lmaktad\u0131r. \u00c7e\u015fitleri a\u015fa\u011f\u0131daki gibidir: B\u00fcy\u00fck kanal tipi D\u0131\u015ftan rotorlu boru kanal tipi Galvanize kanal tipi Kapakl\u0131 ve flan\u015fl\u0131 aksiyel aspirat\u00f6rler Yuvarlak kanal tipi Duvar [&hellip;]<\/p>\n","protected":false},"author":1,"featured_media":0,"parent":0,"menu_order":0,"comment_status":"closed","ping_status":"closed","template":"","meta":[],"_links":{"self":[{"href":"http:\/\/www.unmerhavalandirma.com\/index.php\/wp-json\/wp\/v2\/pages\/110"}],"collection":[{"href":"http:\/\/www.unmerhavalandirma.com\/index.php\/wp-json\/wp\/v2\/pages"}],"about":[{"href":"http:\/\/www.unmerhavalandirma.com\/index.php\/wp-json\/wp\/v2\/types\/page"}],"author":[{"embeddable":true,"href":"http:\/\/www.unmerhavalandirma.com\/index.php\/wp-json\/wp\/v2\/users\/1"}],"replies":[{"embeddable":true,"href":"http:\/\/www.unmerhavalandirma.com\/index.php\/wp-json\/wp\/v2\/comments?post=110"}],"version-history":[{"count":3,"href":"http:\/\/www.unmerhavalandirma.com\/index.php\/wp-json\/wp\/v2\/pages\/110\/revisions"}],"predecessor-version":[{"id":180,"href":"http:\/\/www.unmerhavalandirma.com\/index.php\/wp-json\/wp\/v2\/pages\/110\/revisions\/180"}],"wp:attachment":[{"href":"http:\/\/www.unmerhavalandirma.com\/index.php\/wp-json\/wp\/v2\/media?parent=110"}],"curies":[{"name":"wp","href":"https:\/\/api.w.org\/{rel}","templated":true}]}}