{"id":26,"date":"2022-07-31T21:55:45","date_gmt":"2022-07-31T21:55:45","guid":{"rendered":"http:\/\/www.unmerhavalandirma.com\/?page_id=26"},"modified":"2022-08-02T20:50:36","modified_gmt":"2022-08-02T20:50:36","slug":"anasayfa","status":"publish","type":"page","link":"http:\/\/www.unmerhavalandirma.com\/index.php\/anasayfa\/","title":{"rendered":"HAKKIMIZDA"},"content":{"rendered":"\n<figure class=\"wp-block-image size-large\"><img loading=\"lazy\" width=\"1024\" height=\"612\" src=\"http:\/\/www.unmerhavalandirma.com\/wp-content\/uploads\/2022\/07\/UMER2-1-1-scaled-e1659305331386-1024x612.jpg\" alt=\"\" class=\"wp-image-43\" srcset=\"http:\/\/www.unmerhavalandirma.com\/wp-content\/uploads\/2022\/07\/UMER2-1-1-scaled-e1659305331386-1024x612.jpg 1024w, http:\/\/www.unmerhavalandirma.com\/wp-content\/uploads\/2022\/07\/UMER2-1-1-scaled-e1659305331386-300x179.jpg 300w, http:\/\/www.unmerhavalandirma.com\/wp-content\/uploads\/2022\/07\/UMER2-1-1-scaled-e1659305331386-768x459.jpg 768w, http:\/\/www.unmerhavalandirma.com\/wp-content\/uploads\/2022\/07\/UMER2-1-1-scaled-e1659305331386.jpg 1241w\" sizes=\"(max-width: 1024px) 100vw, 1024px\" \/><\/figure>\n\n\n\n<p class=\"has-text-align-right has-small-font-size\"><strong>YUNUS AV\u015eAR<\/strong><\/p>\n\n\n\n<p class=\"has-text-align-right\" style=\"font-size:10px\">UNMER MEKAN\u0130K VE HAVALANDIRMA Y\u00d6NET\u0130M KURULU BA\u015eKANI<\/p>\n\n\n\n<hr class=\"wp-block-separator has-alpha-channel-opacity\"\/>\n\n\n\n<p><\/p>\n\n\n\n<p>32 Y\u0131la a\u015fk\u0131n s\u00fcredir sekt\u00f6re hizmet veren UNMER Havaland\u0131rma sekt\u00f6r\u00fcnde verimlilik esas\u0131na dayal\u0131 \u00fcr\u00fcn geli\u015fimine \u00f6nc\u00fcl\u00fck eden, teknoloji odakl\u0131 bir anlay\u0131\u015f ile t\u00fcm s\u00fcre\u00e7lerde \u00e7evreye ve insana duyarl\u0131 politikalar izleyen   y\u00f6netici kadrosu ve profesyonle ekibiyle faydal\u0131 \u00e7\u00f6z\u00fcmler \u00fcreten ve yenilik yaratan; hizmet kalitesini daima y\u00fcksekte tutan bir kurulu\u015ftur.<\/p>\n\n\n\n<p>Misyon \u00f6nceli\u011fimiz m\u00fc\u015fteri memnuniyetidir. G\u00fc\u00e7l\u00fc ileti\u015fim ak\u0131\u015f\u0131 ile uzun soluklu ticari birliktelikler kurmay\u0131 hedefleyen UNMER, i\u015f ortaklar\u0131m\u0131z i\u00e7in her daim yenilik\u00e7i \u00e7\u00f6z\u00fcmlerle AR-GE departman\u0131 ile \u00fcretimin s\u00fcrekli geli\u015fmesini sa\u011flamaktad\u0131r.<\/p>\n\n\n\n<p>Kurumsal vizyonumuz, yerli piyasada g\u00fc\u00e7l\u00fc yap\u0131s\u0131 ile \u00f6nde gelen fan \u00fcretici kimli\u011fiyle beraber bir d\u00fcnya markas\u0131 haline gelmektir. \u00c7\u00f6z\u00fcm odakl\u0131 yakla\u015f\u0131mlarla makine, yaz\u0131l\u0131m ve hizmet kalitesini her ge\u00e7en g\u00fcn artt\u0131ran UNMER y\u00fcksek verimli proje tasar\u0131mlar\u0131na imza atmay\u0131 prensip edinmi\u015f bir kurulu\u015ftur.<\/p>\n","protected":false},"excerpt":{"rendered":"<p>YUNUS AV\u015eAR UNMER MEKAN\u0130K VE HAVALANDIRMA Y\u00d6NET\u0130M KURULU BA\u015eKANI 32 Y\u0131la a\u015fk\u0131n s\u00fcredir sekt\u00f6re hizmet veren UNMER Havaland\u0131rma sekt\u00f6r\u00fcnde verimlilik esas\u0131na dayal\u0131 \u00fcr\u00fcn geli\u015fimine \u00f6nc\u00fcl\u00fck eden, teknoloji odakl\u0131 bir anlay\u0131\u015f ile t\u00fcm s\u00fcre\u00e7lerde \u00e7evreye ve insana duyarl\u0131 politikalar izleyen y\u00f6netici kadrosu ve profesyonle ekibiyle faydal\u0131 \u00e7\u00f6z\u00fcmler \u00fcreten ve yenilik yaratan; hizmet kalitesini daima y\u00fcksekte tutan [&hellip;]<\/p>\n","protected":false},"author":1,"featured_media":0,"parent":0,"menu_order":0,"comment_status":"closed","ping_status":"closed","template":"","meta":[],"_links":{"self":[{"href":"http:\/\/www.unmerhavalandirma.com\/index.php\/wp-json\/wp\/v2\/pages\/26"}],"collection":[{"href":"http:\/\/www.unmerhavalandirma.com\/index.php\/wp-json\/wp\/v2\/pages"}],"about":[{"href":"http:\/\/www.unmerhavalandirma.com\/index.php\/wp-json\/wp\/v2\/types\/page"}],"author":[{"embeddable":true,"href":"http:\/\/www.unmerhavalandirma.com\/index.php\/wp-json\/wp\/v2\/users\/1"}],"replies":[{"embeddable":true,"href":"http:\/\/www.unmerhavalandirma.com\/index.php\/wp-json\/wp\/v2\/comments?post=26"}],"version-history":[{"count":8,"href":"http:\/\/www.unmerhavalandirma.com\/index.php\/wp-json\/wp\/v2\/pages\/26\/revisions"}],"predecessor-version":[{"id":195,"href":"http:\/\/www.unmerhavalandirma.com\/index.php\/wp-json\/wp\/v2\/pages\/26\/revisions\/195"}],"wp:attachment":[{"href":"http:\/\/www.unmerhavalandirma.com\/index.php\/wp-json\/wp\/v2\/media?parent=26"}],"curies":[{"name":"wp","href":"https:\/\/api.w.org\/{rel}","templated":true}]}}