{"id":30,"date":"2022-07-31T21:56:47","date_gmt":"2022-07-31T21:56:47","guid":{"rendered":"http:\/\/www.unmerhavalandirma.com\/?page_id=30"},"modified":"2022-07-31T22:16:53","modified_gmt":"2022-07-31T22:16:53","slug":"hizmetlerimiz","status":"publish","type":"page","link":"http:\/\/www.unmerhavalandirma.com\/index.php\/hizmetlerimiz\/","title":{"rendered":"H\u0130ZMETLER\u0130M\u0130Z"},"content":{"rendered":"\n<ul><li>RADYAL SALYANGOZ FAN<\/li><li>AKS\u0130YEL ASP\u0130RAT\u00d6R<\/li><li>ANEMOSTAD<\/li><li>\u00c7ATI FANLARI<\/li><li>HAVA KANALLARI<\/li><li>H\u00dcCREL\u0130 ASP\u0130RAT\u00d6R<\/li><li>MENFEZ<\/li><\/ul>\n","protected":false},"excerpt":{"rendered":"<p>RADYAL SALYANGOZ FAN AKS\u0130YEL ASP\u0130RAT\u00d6R ANEMOSTAD \u00c7ATI FANLARI HAVA KANALLARI H\u00dcCREL\u0130 ASP\u0130RAT\u00d6R MENFEZ<\/p>\n","protected":false},"author":1,"featured_media":0,"parent":0,"menu_order":0,"comment_status":"closed","ping_status":"closed","template":"","meta":[],"_links":{"self":[{"href":"http:\/\/www.unmerhavalandirma.com\/index.php\/wp-json\/wp\/v2\/pages\/30"}],"collection":[{"href":"http:\/\/www.unmerhavalandirma.com\/index.php\/wp-json\/wp\/v2\/pages"}],"about":[{"href":"http:\/\/www.unmerhavalandirma.com\/index.php\/wp-json\/wp\/v2\/types\/page"}],"author":[{"embeddable":true,"href":"http:\/\/www.unmerhavalandirma.com\/index.php\/wp-json\/wp\/v2\/users\/1"}],"replies":[{"embeddable":true,"href":"http:\/\/www.unmerhavalandirma.com\/index.php\/wp-json\/wp\/v2\/comments?post=30"}],"version-history":[{"count":3,"href":"http:\/\/www.unmerhavalandirma.com\/index.php\/wp-json\/wp\/v2\/pages\/30\/revisions"}],"predecessor-version":[{"id":46,"href":"http:\/\/www.unmerhavalandirma.com\/index.php\/wp-json\/wp\/v2\/pages\/30\/revisions\/46"}],"wp:attachment":[{"href":"http:\/\/www.unmerhavalandirma.com\/index.php\/wp-json\/wp\/v2\/media?parent=30"}],"curies":[{"name":"wp","href":"https:\/\/api.w.org\/{rel}","templated":true}]}}