{"id":34,"date":"2022-07-31T21:57:24","date_gmt":"2022-07-31T21:57:24","guid":{"rendered":"http:\/\/www.unmerhavalandirma.com\/?page_id=34"},"modified":"2022-08-20T19:22:34","modified_gmt":"2022-08-20T19:22:34","slug":"iletisim","status":"publish","type":"page","link":"http:\/\/www.unmerhavalandirma.com\/index.php\/iletisim\/","title":{"rendered":"\u0130LET\u0130\u015e\u0130M"},"content":{"rendered":"\n<p><strong>UNMER TARIM \u00dcR\u00dcNLER\u0130 MAK\u0130NE HAVALANDIRMA SAN.T\u0130C.LTD.\u015eT\u0130<\/strong><\/p>\n\n\n\n<p><strong>ADRES  :<\/strong> \u00c7ay mah. Abdiipek\u00e7i cd. No:90 Akdeniz \/ MERS\u0130N \/ T\u00dcRK\u0130YE<\/p>\n\n\n\n<p><strong>TEL       :<\/strong> (0324) 221 50 23<\/p>\n\n\n\n<p><strong>GSM     :<\/strong> 0506 979 28 45<\/p>\n\n\n","protected":false},"excerpt":{"rendered":"<p>UNMER TARIM \u00dcR\u00dcNLER\u0130 MAK\u0130NE HAVALANDIRMA SAN.T\u0130C.LTD.\u015eT\u0130 ADRES : \u00c7ay mah. Abdiipek\u00e7i cd. No:90 Akdeniz \/ MERS\u0130N \/ T\u00dcRK\u0130YE TEL : (0324) 221 50 23 GSM : 0506 979 28 45<\/p>\n","protected":false},"author":1,"featured_media":0,"parent":0,"menu_order":0,"comment_status":"closed","ping_status":"closed","template":"","meta":[],"_links":{"self":[{"href":"http:\/\/www.unmerhavalandirma.com\/index.php\/wp-json\/wp\/v2\/pages\/34"}],"collection":[{"href":"http:\/\/www.unmerhavalandirma.com\/index.php\/wp-json\/wp\/v2\/pages"}],"about":[{"href":"http:\/\/www.unmerhavalandirma.com\/index.php\/wp-json\/wp\/v2\/types\/page"}],"author":[{"embeddable":true,"href":"http:\/\/www.unmerhavalandirma.com\/index.php\/wp-json\/wp\/v2\/users\/1"}],"replies":[{"embeddable":true,"href":"http:\/\/www.unmerhavalandirma.com\/index.php\/wp-json\/wp\/v2\/comments?post=34"}],"version-history":[{"count":6,"href":"http:\/\/www.unmerhavalandirma.com\/index.php\/wp-json\/wp\/v2\/pages\/34\/revisions"}],"predecessor-version":[{"id":227,"href":"http:\/\/www.unmerhavalandirma.com\/index.php\/wp-json\/wp\/v2\/pages\/34\/revisions\/227"}],"wp:attachment":[{"href":"http:\/\/www.unmerhavalandirma.com\/index.php\/wp-json\/wp\/v2\/media?parent=34"}],"curies":[{"name":"wp","href":"https:\/\/api.w.org\/{rel}","templated":true}]}}