{"id":96,"date":"2022-08-02T19:01:29","date_gmt":"2022-08-02T19:01:29","guid":{"rendered":"http:\/\/www.unmerhavalandirma.com\/?page_id=96"},"modified":"2022-08-02T19:55:50","modified_gmt":"2022-08-02T19:55:50","slug":"jet-filtre","status":"publish","type":"page","link":"http:\/\/www.unmerhavalandirma.com\/index.php\/jet-filtre\/","title":{"rendered":"JET F\u0130LTRE"},"content":{"rendered":"\n<p><strong>JET F\u0130LTRE<\/strong><\/p>\n\n\n\n<p><strong>Jet filtreler<\/strong>, end\u00fcstriyel alanda \u00fcretim s\u0131ras\u0131nda ortaya \u00e7\u0131kan tozun, kokunun ve duman\u0131n ortamdan al\u0131narak&nbsp;<strong>filtre<\/strong>&nbsp;edilmesini sa\u011flayan otomatik sistemlerdir.<\/p>\n\n\n\n<p>Detayl\u0131 bilgi i\u00e7in <a href=\"http:\/\/www.unmerhavalandirma.com\/wp-content\/uploads\/2022\/08\/JET-FILTRE-URUN-KATALOGU.pdf\">Jet Filtre \u00dcr\u00fcn Katalo\u011fumuzu<\/a> inceleyebilirsiniz.<\/p>\n\n\n\n<figure class=\"wp-block-image size-full\"><img loading=\"lazy\" width=\"1000\" height=\"1000\" src=\"http:\/\/www.unmerhavalandirma.com\/wp-content\/uploads\/2022\/08\/jet-f.jpg\" alt=\"\" class=\"wp-image-139\" srcset=\"http:\/\/www.unmerhavalandirma.com\/wp-content\/uploads\/2022\/08\/jet-f.jpg 1000w, http:\/\/www.unmerhavalandirma.com\/wp-content\/uploads\/2022\/08\/jet-f-300x300.jpg 300w, http:\/\/www.unmerhavalandirma.com\/wp-content\/uploads\/2022\/08\/jet-f-150x150.jpg 150w, http:\/\/www.unmerhavalandirma.com\/wp-content\/uploads\/2022\/08\/jet-f-768x768.jpg 768w\" sizes=\"(max-width: 1000px) 100vw, 1000px\" \/><\/figure>\n","protected":false},"excerpt":{"rendered":"<p>JET F\u0130LTRE Jet filtreler, end\u00fcstriyel alanda \u00fcretim s\u0131ras\u0131nda ortaya \u00e7\u0131kan tozun, kokunun ve duman\u0131n ortamdan al\u0131narak&nbsp;filtre&nbsp;edilmesini sa\u011flayan otomatik sistemlerdir. Detayl\u0131 bilgi i\u00e7in Jet Filtre \u00dcr\u00fcn Katalo\u011fumuzu inceleyebilirsiniz.<\/p>\n","protected":false},"author":1,"featured_media":0,"parent":0,"menu_order":0,"comment_status":"closed","ping_status":"closed","template":"","meta":[],"_links":{"self":[{"href":"http:\/\/www.unmerhavalandirma.com\/index.php\/wp-json\/wp\/v2\/pages\/96"}],"collection":[{"href":"http:\/\/www.unmerhavalandirma.com\/index.php\/wp-json\/wp\/v2\/pages"}],"about":[{"href":"http:\/\/www.unmerhavalandirma.com\/index.php\/wp-json\/wp\/v2\/types\/page"}],"author":[{"embeddable":true,"href":"http:\/\/www.unmerhavalandirma.com\/index.php\/wp-json\/wp\/v2\/users\/1"}],"replies":[{"embeddable":true,"href":"http:\/\/www.unmerhavalandirma.com\/index.php\/wp-json\/wp\/v2\/comments?post=96"}],"version-history":[{"count":5,"href":"http:\/\/www.unmerhavalandirma.com\/index.php\/wp-json\/wp\/v2\/pages\/96\/revisions"}],"predecessor-version":[{"id":167,"href":"http:\/\/www.unmerhavalandirma.com\/index.php\/wp-json\/wp\/v2\/pages\/96\/revisions\/167"}],"wp:attachment":[{"href":"http:\/\/www.unmerhavalandirma.com\/index.php\/wp-json\/wp\/v2\/media?parent=96"}],"curies":[{"name":"wp","href":"https:\/\/api.w.org\/{rel}","templated":true}]}}